{"id":21680,"date":"2024-03-04T04:28:06","date_gmt":"2024-03-04T07:28:06","guid":{"rendered":"https:\/\/icaro.med.br\/?page_id=21680"},"modified":"2026-05-15T20:40:56","modified_gmt":"2026-05-15T23:40:56","slug":"books","status":"publish","type":"page","link":"https:\/\/icaro.med.br\/en\/books\/","title":{"rendered":"Books"},"content":{"rendered":"<div data-elementor-type=\"wp-page\" data-elementor-id=\"21680\" class=\"elementor elementor-21680\" data-elementor-post-type=\"page\">\n\t\t\t\t<div class=\"elementor-element elementor-element-dea58a4 e-flex e-con-boxed e-con e-parent\" data-id=\"dea58a4\" data-element_type=\"container\" data-e-type=\"container\" data-settings=\"{&quot;background_background&quot;:&quot;classic&quot;}\">\n\t\t\t\t\t<div class=\"e-con-inner\">\n\t\t\t\t<div class=\"elementor-element elementor-element-d5a8813 elementor-widget elementor-widget-heading\" data-id=\"d5a8813\" data-element_type=\"widget\" data-e-type=\"widget\" data-widget_type=\"heading.default\">\n\t\t\t\t<div class=\"elementor-widget-container\">\n\t\t\t\t\t<h2 class=\"elementor-heading-title elementor-size-default\">MY BOOKS<\/h2>\t\t\t\t<\/div>\n\t\t\t\t<\/div>\n\t\t\t\t\t<\/div>\n\t\t\t\t<\/div>\n\t\t<div class=\"elementor-element elementor-element-cdc5b0f e-flex e-con-boxed e-con e-parent\" data-id=\"cdc5b0f\" data-element_type=\"container\" data-e-type=\"container\">\n\t\t\t\t\t<div class=\"e-con-inner\">\n\t\t<div class=\"elementor-element elementor-element-68da369 e-flex e-con-boxed e-con e-child\" data-id=\"68da369\" data-element_type=\"container\" data-e-type=\"container\" data-settings=\"{&quot;background_background&quot;:&quot;classic&quot;}\">\n\t\t\t\t\t<div class=\"e-con-inner\">\n\t\t<div class=\"elementor-element elementor-element-4c6b473 e-con-full e-flex e-con e-child\" data-id=\"4c6b473\" data-element_type=\"container\" data-e-type=\"container\">\n\t\t<div class=\"elementor-element elementor-element-e47247a e-con-full e-flex e-con e-child\" data-id=\"e47247a\" data-element_type=\"container\" data-e-type=\"container\">\n\t\t\t\t<div class=\"elementor-element elementor-element-6bfaaf1 elementor-widget elementor-widget-image\" data-id=\"6bfaaf1\" data-element_type=\"widget\" data-e-type=\"widget\" data-widget_type=\"image.default\">\n\t\t\t\t<div class=\"elementor-widget-container\">\n\t\t\t\t\t\t\t\t\t\t\t\t\t\t\t<img fetchpriority=\"high\" decoding=\"async\" width=\"1536\" height=\"1536\" src=\"https:\/\/icaro.med.br\/wp-content\/uploads\/2026\/05\/Design-sem-nome-8-2048x2048-1-1536x1536.webp\" class=\"attachment-1536x1536 size-1536x1536 wp-image-25366\" alt=\"\" srcset=\"https:\/\/icaro.med.br\/wp-content\/uploads\/2026\/05\/Design-sem-nome-8-2048x2048-1-1536x1536.webp 1536w, https:\/\/icaro.med.br\/wp-content\/uploads\/2026\/05\/Design-sem-nome-8-2048x2048-1-300x300.webp 300w, https:\/\/icaro.med.br\/wp-content\/uploads\/2026\/05\/Design-sem-nome-8-2048x2048-1-1024x1024.webp 1024w, https:\/\/icaro.med.br\/wp-content\/uploads\/2026\/05\/Design-sem-nome-8-2048x2048-1-150x150.webp 150w, https:\/\/icaro.med.br\/wp-content\/uploads\/2026\/05\/Design-sem-nome-8-2048x2048-1-768x768.webp 768w, https:\/\/icaro.med.br\/wp-content\/uploads\/2026\/05\/Design-sem-nome-8-2048x2048-1-12x12.webp 12w, https:\/\/icaro.med.br\/wp-content\/uploads\/2026\/05\/Design-sem-nome-8-2048x2048-1-700x700.webp 700w, https:\/\/icaro.med.br\/wp-content\/uploads\/2026\/05\/Design-sem-nome-8-2048x2048-1.webp 1600w\" sizes=\"(max-width: 1536px) 100vw, 1536px\" \/>\t\t\t\t\t\t\t\t\t\t\t\t\t\t\t<\/div>\n\t\t\t\t<\/div>\n\t\t\t\t<\/div>\n\t\t<div class=\"elementor-element elementor-element-ac67717 e-con-full e-flex e-con e-child\" data-id=\"ac67717\" data-element_type=\"container\" data-e-type=\"container\">\n\t\t\t\t<div class=\"elementor-element elementor-element-649d1d3 elementor-widget elementor-widget-heading\" data-id=\"649d1d3\" data-element_type=\"widget\" data-e-type=\"widget\" data-widget_type=\"heading.default\">\n\t\t\t\t<div class=\"elementor-widget-container\">\n\t\t\t\t\t<h2 class=\"elementor-heading-title elementor-size-default\">Domine sua sa\u00fade - 2\u00ba Edi\u00e7\u00e3o<\/h2>\t\t\t\t<\/div>\n\t\t\t\t<\/div>\n\t\t\t\t<div class=\"elementor-element elementor-element-dd69955 elementor-widget elementor-widget-text-editor\" data-id=\"dd69955\" data-element_type=\"widget\" data-e-type=\"widget\" data-widget_type=\"text-editor.default\">\n\t\t\t\t<div class=\"elementor-widget-container\">\n\t\t\t\t\t\t\t\t\t<p>Aqui voc\u00ea ter\u00e1 um guia com o que h\u00e1 de mais eficaz quando pensamos em recuperar, manter e\/ou melhorar a Sa\u00fade, como um MAPA que mostra de forma clara, verdadeira e \u00fatil como fazer (e o porqu\u00ea), como \u201cchegaram l\u00e1\u201d na \u201cmelhor sa\u00fade\u201d meus melhores pacientes, sendo o mais completo poss\u00edvel e sem custo algum para o leitor (a vers\u00e3o em PDF), para que possa ler e compartilhar com o m\u00e1ximo de pessoas que lhe sejam importantes \u2013 quando fazemos o bem, espalhamos o que seja \u00fatil, verdadeiro e bom, at\u00e9 nossas sa\u00fades espiritual, mental e cerebral melhoram!<\/p>\t\t\t\t\t\t\t\t<\/div>\n\t\t\t\t<\/div>\n\t\t\t\t<div class=\"elementor-element elementor-element-314c19d elementor-tablet-align-center elementor-widget elementor-widget-button\" data-id=\"314c19d\" data-element_type=\"widget\" data-e-type=\"widget\" data-widget_type=\"button.default\">\n\t\t\t\t<div class=\"elementor-widget-container\">\n\t\t\t\t\t\t\t\t\t<div class=\"elementor-button-wrapper\">\n\t\t\t\t\t<a class=\"elementor-button elementor-button-link elementor-size-sm\" href=\"https:\/\/dominesuasaude.com.br\/\" target=\"_blank\" rel=\"noopener\">\n\t\t\t\t\t\t<span class=\"elementor-button-content-wrapper\">\n\t\t\t\t\t\t<span class=\"elementor-button-icon\">\n\t\t\t\t<svg aria-hidden=\"true\" class=\"e-font-icon-svg e-fas-arrow-alt-circle-down\" viewbox=\"0 0 512 512\" xmlns=\"http:\/\/www.w3.org\/2000\/svg\"><path d=\"M504 256c0 137-111 248-248 248S8 393 8 256 119 8 256 8s248 111 248 248zM212 140v116h-70.9c-10.7 0-16.1 13-8.5 20.5l114.9 114.3c4.7 4.7 12.2 4.7 16.9 0l114.9-114.3c7.6-7.6 2.2-20.5-8.5-20.5H300V140c0-6.6-5.4-12-12-12h-64c-6.6 0-12 5.4-12 12z\"><\/path><\/svg>\t\t\t<\/span>\n\t\t\t\t\t\t\t\t\t<span class=\"elementor-button-text\">DOWNLOAD NOW FOR FREE<\/span>\n\t\t\t\t\t<\/span>\n\t\t\t\t\t<\/a>\n\t\t\t\t<\/div>\n\t\t\t\t\t\t\t\t<\/div>\n\t\t\t\t<\/div>\n\t\t\t\t<\/div>\n\t\t\t\t<\/div>\n\t\t<div class=\"elementor-element elementor-element-0337548 e-con-full e-flex e-con e-child\" data-id=\"0337548\" data-element_type=\"container\" data-e-type=\"container\">\n\t\t<div class=\"elementor-element elementor-element-0000ef6 e-con-full e-flex e-con e-child\" data-id=\"0000ef6\" data-element_type=\"container\" data-e-type=\"container\">\n\t\t\t\t<div class=\"elementor-element elementor-element-8545030 elementor-widget elementor-widget-image\" data-id=\"8545030\" data-element_type=\"widget\" data-e-type=\"widget\" data-widget_type=\"image.default\">\n\t\t\t\t<div class=\"elementor-widget-container\">\n\t\t\t\t\t\t\t\t\t\t\t\t\t\t\t<img decoding=\"async\" width=\"768\" height=\"738\" src=\"https:\/\/icaro.med.br\/wp-content\/uploads\/2023\/11\/81JpS0EVTEL-768x738.jpg\" class=\"attachment-medium_large size-medium_large wp-image-18707\" alt=\"\" srcset=\"https:\/\/icaro.med.br\/wp-content\/uploads\/2023\/11\/81JpS0EVTEL-768x738.jpg 768w, https:\/\/icaro.med.br\/wp-content\/uploads\/2023\/11\/81JpS0EVTEL-300x288.jpg 300w, https:\/\/icaro.med.br\/wp-content\/uploads\/2023\/11\/81JpS0EVTEL-1024x984.jpg 1024w, https:\/\/icaro.med.br\/wp-content\/uploads\/2023\/11\/81JpS0EVTEL-1536x1476.jpg 1536w, https:\/\/icaro.med.br\/wp-content\/uploads\/2023\/11\/81JpS0EVTEL.jpg 1600w\" sizes=\"(max-width: 768px) 100vw, 768px\" \/>\t\t\t\t\t\t\t\t\t\t\t\t\t\t\t<\/div>\n\t\t\t\t<\/div>\n\t\t\t\t<\/div>\n\t\t<div class=\"elementor-element elementor-element-a5a6f24 e-con-full e-flex e-con e-child\" data-id=\"a5a6f24\" data-element_type=\"container\" data-e-type=\"container\">\n\t\t\t\t<div class=\"elementor-element elementor-element-d41bdfe elementor-widget elementor-widget-heading\" data-id=\"d41bdfe\" data-element_type=\"widget\" data-e-type=\"widget\" data-widget_type=\"heading.default\">\n\t\t\t\t<div class=\"elementor-widget-container\">\n\t\t\t\t\t<h2 class=\"elementor-heading-title elementor-size-default\">Gigi and her healthy discoveries<\/h2>\t\t\t\t<\/div>\n\t\t\t\t<\/div>\n\t\t\t\t<div class=\"elementor-element elementor-element-75e01c0 elementor-widget elementor-widget-text-editor\" data-id=\"75e01c0\" data-element_type=\"widget\" data-e-type=\"widget\" data-widget_type=\"text-editor.default\">\n\t\t\t\t<div class=\"elementor-widget-container\">\n\t\t\t\t\t\t\t\t\t<p>Em\u00a0<em>Gigi e as Descobertas Saud\u00e1veis<\/em>, Gigi \u00e9 uma menina curiosa que observa os adultos ao seu redor e, aos poucos, vai descobrindo maneiras de viver de forma mais saud\u00e1vel e divertida. O livro aborda temas como alimenta\u00e7\u00e3o, exerc\u00edcios, hidrata\u00e7\u00e3o, descanso e muitos outros h\u00e1bitos importantes, sempre de maneira l\u00fadica e envolvente. A vers\u00e3o em PDF \u00e9 totalmente gratuita, completa, e foi criada para ser lida e compartilhada com quem voc\u00ea mais valoriza. Quando fazemos o bem e compartilhamos o que \u00e9 \u00fatil e verdadeiro, melhoramos nossa sa\u00fade f\u00edsica, mental, espiritual e at\u00e9 cerebral. Este \u00e9 o recurso perfeito para ensinar as crian\u00e7as sobre sa\u00fade e bem-estar enquanto elas se divertem com as aventuras da Gigi!<\/p>\t\t\t\t\t\t\t\t<\/div>\n\t\t\t\t<\/div>\n\t\t\t\t<div class=\"elementor-element elementor-element-0555e74 elementor-tablet-align-center elementor-widget elementor-widget-button\" data-id=\"0555e74\" data-element_type=\"widget\" data-e-type=\"widget\" data-widget_type=\"button.default\">\n\t\t\t\t<div class=\"elementor-widget-container\">\n\t\t\t\t\t\t\t\t\t<div class=\"elementor-button-wrapper\">\n\t\t\t\t\t<a class=\"elementor-button elementor-button-link elementor-size-sm\" href=\"https:\/\/livrodagigi.com.br\/\" target=\"_blank\" rel=\"noopener\">\n\t\t\t\t\t\t<span class=\"elementor-button-content-wrapper\">\n\t\t\t\t\t\t<span class=\"elementor-button-icon\">\n\t\t\t\t<svg aria-hidden=\"true\" class=\"e-font-icon-svg e-fas-arrow-alt-circle-down\" viewbox=\"0 0 512 512\" xmlns=\"http:\/\/www.w3.org\/2000\/svg\"><path d=\"M504 256c0 137-111 248-248 248S8 393 8 256 119 8 256 8s248 111 248 248zM212 140v116h-70.9c-10.7 0-16.1 13-8.5 20.5l114.9 114.3c4.7 4.7 12.2 4.7 16.9 0l114.9-114.3c7.6-7.6 2.2-20.5-8.5-20.5H300V140c0-6.6-5.4-12-12-12h-64c-6.6 0-12 5.4-12 12z\"><\/path><\/svg>\t\t\t<\/span>\n\t\t\t\t\t\t\t\t\t<span class=\"elementor-button-text\">BAIXAR GRATUITAMENTE<\/span>\n\t\t\t\t\t<\/span>\n\t\t\t\t\t<\/a>\n\t\t\t\t<\/div>\n\t\t\t\t\t\t\t\t<\/div>\n\t\t\t\t<\/div>\n\t\t\t\t<\/div>\n\t\t\t\t<\/div>\n\t\t<div class=\"elementor-element elementor-element-7007b0d e-con-full e-flex e-con e-child\" data-id=\"7007b0d\" data-element_type=\"container\" data-e-type=\"container\">\n\t\t<div class=\"elementor-element elementor-element-690577e e-con-full e-flex e-con e-child\" data-id=\"690577e\" data-element_type=\"container\" data-e-type=\"container\">\n\t\t\t\t<div class=\"elementor-element elementor-element-73fd20d elementor-widget elementor-widget-image\" data-id=\"73fd20d\" data-element_type=\"widget\" data-e-type=\"widget\" data-widget_type=\"image.default\">\n\t\t\t\t<div class=\"elementor-widget-container\">\n\t\t\t\t\t\t\t\t\t\t\t\t\t\t\t<img decoding=\"async\" width=\"768\" height=\"1076\" src=\"https:\/\/icaro.med.br\/wp-content\/uploads\/2023\/11\/CINCO-NIVEIS-DO-SUCESSO-768x1076.jpeg\" class=\"attachment-medium_large size-medium_large wp-image-18708\" alt=\"\" srcset=\"https:\/\/icaro.med.br\/wp-content\/uploads\/2023\/11\/CINCO-NIVEIS-DO-SUCESSO-768x1076.jpeg 768w, https:\/\/icaro.med.br\/wp-content\/uploads\/2023\/11\/CINCO-NIVEIS-DO-SUCESSO-214x300.jpeg 214w, https:\/\/icaro.med.br\/wp-content\/uploads\/2023\/11\/CINCO-NIVEIS-DO-SUCESSO-731x1024.jpeg 731w, https:\/\/icaro.med.br\/wp-content\/uploads\/2023\/11\/CINCO-NIVEIS-DO-SUCESSO.jpeg 914w\" sizes=\"(max-width: 768px) 100vw, 768px\" \/>\t\t\t\t\t\t\t\t\t\t\t\t\t\t\t<\/div>\n\t\t\t\t<\/div>\n\t\t\t\t<\/div>\n\t\t<div class=\"elementor-element elementor-element-8c58252 e-con-full e-flex e-con e-child\" data-id=\"8c58252\" data-element_type=\"container\" data-e-type=\"container\">\n\t\t\t\t<div class=\"elementor-element elementor-element-8eaba8e elementor-widget elementor-widget-heading\" data-id=\"8eaba8e\" data-element_type=\"widget\" data-e-type=\"widget\" data-widget_type=\"heading.default\">\n\t\t\t\t<div class=\"elementor-widget-container\">\n\t\t\t\t\t<h2 class=\"elementor-heading-title elementor-size-default\">5 Levels of Success: A guide to sustainable success<\/h2>\t\t\t\t<\/div>\n\t\t\t\t<\/div>\n\t\t\t\t<div class=\"elementor-element elementor-element-ac1db15 elementor-widget elementor-widget-text-editor\" data-id=\"ac1db15\" data-element_type=\"widget\" data-e-type=\"widget\" data-widget_type=\"text-editor.default\">\n\t\t\t\t<div class=\"elementor-widget-container\">\n\t\t\t\t\t\t\t\t\t<p>Many people want to reach the heights of success, but forget that more important than reaching this level is being able to stay there. For this, sustainable success is paramount, which allows you to achieve your goals, continue to be successful in your actions and, above all, enjoy the victories of this achievement. In this book, Dr. \u00cdcaro Alves Alc\u00e2ntara, a specialist in Homeopathy and a post-graduate in Orthomolecular Strategy in Medicine for over twenty years, presents five levels with practical examples of how to achieve this success, starting with maintaining good health, after all, health is essential for any achievement in life. This book acts as a gateway to the method, which tends to be perfected and updated in its components and depth, with the aim of providing correct and practical learning for achieving and maintaining health, well-being and quality of life. In this way, discover how recovering, maintaining and optimizing organic balance, above all through healthy habits, contributes in an essential way to your self-knowledge in the quest for success.<\/p>\t\t\t\t\t\t\t\t<\/div>\n\t\t\t\t<\/div>\n\t\t\t\t<div class=\"elementor-element elementor-element-3922223 elementor-tablet-align-center elementor-widget elementor-widget-button\" data-id=\"3922223\" data-element_type=\"widget\" data-e-type=\"widget\" data-widget_type=\"button.default\">\n\t\t\t\t<div class=\"elementor-widget-container\">\n\t\t\t\t\t\t\t\t\t<div class=\"elementor-button-wrapper\">\n\t\t\t\t\t<a class=\"elementor-button elementor-size-sm\" role=\"button\">\n\t\t\t\t\t\t<span class=\"elementor-button-content-wrapper\">\n\t\t\t\t\t\t<span class=\"elementor-button-icon\">\n\t\t\t\t<svg aria-hidden=\"true\" class=\"e-font-icon-svg e-fas-exclamation\" viewbox=\"0 0 192 512\" xmlns=\"http:\/\/www.w3.org\/2000\/svg\"><path d=\"M176 432c0 44.112-35.888 80-80 80s-80-35.888-80-80 35.888-80 80-80 80 35.888 80 80zM25.26 25.199l13.6 272C39.499 309.972 50.041 320 62.83 320h66.34c12.789 0 23.331-10.028 23.97-22.801l13.6-272C167.425 11.49 156.496 0 142.77 0H49.23C35.504 0 24.575 11.49 25.26 25.199z\"><\/path><\/svg>\t\t\t<\/span>\n\t\t\t\t\t\t\t\t\t<span class=\"elementor-button-text\">SOLD OUT<\/span>\n\t\t\t\t\t<\/span>\n\t\t\t\t\t<\/a>\n\t\t\t\t<\/div>\n\t\t\t\t\t\t\t\t<\/div>\n\t\t\t\t<\/div>\n\t\t\t\t<\/div>\n\t\t\t\t<\/div>\n\t\t<div class=\"elementor-element elementor-element-8d5d16f e-con-full e-flex e-con e-child\" data-id=\"8d5d16f\" data-element_type=\"container\" data-e-type=\"container\">\n\t\t<div class=\"elementor-element elementor-element-25c8c3b e-con-full e-flex e-con e-child\" data-id=\"25c8c3b\" data-element_type=\"container\" data-e-type=\"container\">\n\t\t\t\t<div class=\"elementor-element elementor-element-6074c19 elementor-widget elementor-widget-image\" data-id=\"6074c19\" data-element_type=\"widget\" data-e-type=\"widget\" data-widget_type=\"image.default\">\n\t\t\t\t<div class=\"elementor-widget-container\">\n\t\t\t\t\t\t\t\t\t\t\t\t\t\t\t<img loading=\"lazy\" decoding=\"async\" width=\"700\" height=\"700\" src=\"https:\/\/icaro.med.br\/wp-content\/uploads\/2023\/11\/WhatsApp-Image-2022-11-16-at-12.51.00-700x700.jpeg\" class=\"attachment-tp-image-grid size-tp-image-grid wp-image-18709\" alt=\"\" srcset=\"https:\/\/icaro.med.br\/wp-content\/uploads\/2023\/11\/WhatsApp-Image-2022-11-16-at-12.51.00-700x700.jpeg 700w, https:\/\/icaro.med.br\/wp-content\/uploads\/2023\/11\/WhatsApp-Image-2022-11-16-at-12.51.00-150x150.jpeg 150w\" sizes=\"(max-width: 700px) 100vw, 700px\" \/>\t\t\t\t\t\t\t\t\t\t\t\t\t\t\t<\/div>\n\t\t\t\t<\/div>\n\t\t\t\t<\/div>\n\t\t<div class=\"elementor-element elementor-element-63440a4 e-con-full e-flex e-con e-child\" data-id=\"63440a4\" data-element_type=\"container\" data-e-type=\"container\">\n\t\t\t\t<div class=\"elementor-element elementor-element-03cd760 elementor-widget elementor-widget-heading\" data-id=\"03cd760\" data-element_type=\"widget\" data-e-type=\"widget\" data-widget_type=\"heading.default\">\n\t\t\t\t<div class=\"elementor-widget-container\">\n\t\t\t\t\t<h2 class=\"elementor-heading-title elementor-size-default\">The ultimate health manual<\/h2>\t\t\t\t<\/div>\n\t\t\t\t<\/div>\n\t\t\t\t<div class=\"elementor-element elementor-element-7318f62 elementor-widget elementor-widget-text-editor\" data-id=\"7318f62\" data-element_type=\"widget\" data-e-type=\"widget\" data-widget_type=\"text-editor.default\">\n\t\t\t\t<div class=\"elementor-widget-container\">\n\t\t\t\t\t\t\t\t\t<p>The Definitive Health Manual by Dr. \u00cdcaro Alves is recommended reading for anyone who wants to be free of disease in a natural way, less dependent on the pharmaceutical industry.\u00a0<\/p>\t\t\t\t\t\t\t\t<\/div>\n\t\t\t\t<\/div>\n\t\t\t\t<div class=\"elementor-element elementor-element-1b85f4d elementor-tablet-align-center elementor-widget elementor-widget-button\" data-id=\"1b85f4d\" data-element_type=\"widget\" data-e-type=\"widget\" data-widget_type=\"button.default\">\n\t\t\t\t<div class=\"elementor-widget-container\">\n\t\t\t\t\t\t\t\t\t<div class=\"elementor-button-wrapper\">\n\t\t\t\t\t<a class=\"elementor-button elementor-size-sm\" role=\"button\">\n\t\t\t\t\t\t<span class=\"elementor-button-content-wrapper\">\n\t\t\t\t\t\t<span class=\"elementor-button-icon\">\n\t\t\t\t<svg aria-hidden=\"true\" class=\"e-font-icon-svg e-fas-exclamation\" viewbox=\"0 0 192 512\" xmlns=\"http:\/\/www.w3.org\/2000\/svg\"><path d=\"M176 432c0 44.112-35.888 80-80 80s-80-35.888-80-80 35.888-80 80-80 80 35.888 80 80zM25.26 25.199l13.6 272C39.499 309.972 50.041 320 62.83 320h66.34c12.789 0 23.331-10.028 23.97-22.801l13.6-272C167.425 11.49 156.496 0 142.77 0H49.23C35.504 0 24.575 11.49 25.26 25.199z\"><\/path><\/svg>\t\t\t<\/span>\n\t\t\t\t\t\t\t\t\t<span class=\"elementor-button-text\">SOLD OUT<\/span>\n\t\t\t\t\t<\/span>\n\t\t\t\t\t<\/a>\n\t\t\t\t<\/div>\n\t\t\t\t\t\t\t\t<\/div>\n\t\t\t\t<\/div>\n\t\t\t\t<\/div>\n\t\t\t\t<\/div>\n\t\t<div class=\"elementor-element elementor-element-5c6536e e-con-full e-flex e-con e-child\" data-id=\"5c6536e\" data-element_type=\"container\" data-e-type=\"container\">\n\t\t<div class=\"elementor-element elementor-element-5458081 e-con-full e-flex e-con e-child\" data-id=\"5458081\" data-element_type=\"container\" data-e-type=\"container\">\n\t\t\t\t<div class=\"elementor-element elementor-element-f5f83df elementor-widget elementor-widget-image\" data-id=\"f5f83df\" data-element_type=\"widget\" data-e-type=\"widget\" data-widget_type=\"image.default\">\n\t\t\t\t<div class=\"elementor-widget-container\">\n\t\t\t\t\t\t\t\t\t\t\t\t\t\t\t<img loading=\"lazy\" decoding=\"async\" width=\"700\" height=\"700\" src=\"https:\/\/icaro.med.br\/wp-content\/uploads\/2023\/11\/81R00lJq5IL-700x700.jpg\" class=\"attachment-tp-image-grid size-tp-image-grid wp-image-18710\" alt=\"\" srcset=\"https:\/\/icaro.med.br\/wp-content\/uploads\/2023\/11\/81R00lJq5IL-700x700.jpg 700w, https:\/\/icaro.med.br\/wp-content\/uploads\/2023\/11\/81R00lJq5IL-150x150.jpg 150w\" sizes=\"(max-width: 700px) 100vw, 700px\" \/>\t\t\t\t\t\t\t\t\t\t\t\t\t\t\t<\/div>\n\t\t\t\t<\/div>\n\t\t\t\t<\/div>\n\t\t<div class=\"elementor-element elementor-element-a6ae3a0 e-con-full e-flex e-con e-child\" data-id=\"a6ae3a0\" data-element_type=\"container\" data-e-type=\"container\">\n\t\t\t\t<div class=\"elementor-element elementor-element-2f04acf elementor-widget elementor-widget-heading\" data-id=\"2f04acf\" data-element_type=\"widget\" data-e-type=\"widget\" data-widget_type=\"heading.default\">\n\t\t\t\t<div class=\"elementor-widget-container\">\n\t\t\t\t\t<h2 class=\"elementor-heading-title elementor-size-default\">11 habits in 11 weeks<\/h2>\t\t\t\t<\/div>\n\t\t\t\t<\/div>\n\t\t\t\t<div class=\"elementor-element elementor-element-9560d03 elementor-widget elementor-widget-text-editor\" data-id=\"9560d03\" data-element_type=\"widget\" data-e-type=\"widget\" data-widget_type=\"text-editor.default\">\n\t\t\t\t<div class=\"elementor-widget-container\">\n\t\t\t\t\t\t\t\t\t<p>In \u201c11 Habits in 11 Weeks\u201d, Dr. \u00cdcaro launches a proposal for the reader to become a healthier and more energetic person. With a simple and effective methodology that has already benefited more than 30,000 people, Dr. \u00cdcaro gradually accompanies the reader towards a healthier life.<\/p>\t\t\t\t\t\t\t\t<\/div>\n\t\t\t\t<\/div>\n\t\t\t\t<div class=\"elementor-element elementor-element-d2ff0ed elementor-tablet-align-center elementor-widget elementor-widget-button\" data-id=\"d2ff0ed\" data-element_type=\"widget\" data-e-type=\"widget\" data-widget_type=\"button.default\">\n\t\t\t\t<div class=\"elementor-widget-container\">\n\t\t\t\t\t\t\t\t\t<div class=\"elementor-button-wrapper\">\n\t\t\t\t\t<a class=\"elementor-button elementor-size-sm\" role=\"button\">\n\t\t\t\t\t\t<span class=\"elementor-button-content-wrapper\">\n\t\t\t\t\t\t<span class=\"elementor-button-icon\">\n\t\t\t\t<svg aria-hidden=\"true\" class=\"e-font-icon-svg e-fas-exclamation\" viewbox=\"0 0 192 512\" xmlns=\"http:\/\/www.w3.org\/2000\/svg\"><path d=\"M176 432c0 44.112-35.888 80-80 80s-80-35.888-80-80 35.888-80 80-80 80 35.888 80 80zM25.26 25.199l13.6 272C39.499 309.972 50.041 320 62.83 320h66.34c12.789 0 23.331-10.028 23.97-22.801l13.6-272C167.425 11.49 156.496 0 142.77 0H49.23C35.504 0 24.575 11.49 25.26 25.199z\"><\/path><\/svg>\t\t\t<\/span>\n\t\t\t\t\t\t\t\t\t<span class=\"elementor-button-text\">SOLD OUT<\/span>\n\t\t\t\t\t<\/span>\n\t\t\t\t\t<\/a>\n\t\t\t\t<\/div>\n\t\t\t\t\t\t\t\t<\/div>\n\t\t\t\t<\/div>\n\t\t\t\t<\/div>\n\t\t\t\t<\/div>\n\t\t\t\t\t<\/div>\n\t\t\t\t<\/div>\n\t\t\t\t\t<\/div>\n\t\t\t\t<\/div>\n\t\t\t\t<\/div>","protected":false},"excerpt":{"rendered":"<p>MEUS LIVROS Domine sua sa\u00fade &#8211; 2\u00ba Edi\u00e7\u00e3o Aqui voc\u00ea ter\u00e1 um guia com o que h\u00e1 de mais eficaz quando pensamos em recuperar, manter e\/ou melhorar a Sa\u00fade, como um MAPA que mostra de forma clara, verdadeira e \u00fatil como fazer (e o porqu\u00ea), como \u201cchegaram l\u00e1\u201d na \u201cmelhor sa\u00fade\u201d meus melhores pacientes, sendo [&hellip;]<\/p>\n","protected":false},"author":1,"featured_media":0,"parent":0,"menu_order":0,"comment_status":"closed","ping_status":"closed","template":"","meta":{"_acf_changed":false,"footnotes":""},"class_list":["post-21680","page","type-page","status-publish","hentry"],"acf":[],"_links":{"self":[{"href":"https:\/\/icaro.med.br\/en\/wp-json\/wp\/v2\/pages\/21680","targetHints":{"allow":["GET"]}}],"collection":[{"href":"https:\/\/icaro.med.br\/en\/wp-json\/wp\/v2\/pages"}],"about":[{"href":"https:\/\/icaro.med.br\/en\/wp-json\/wp\/v2\/types\/page"}],"author":[{"embeddable":true,"href":"https:\/\/icaro.med.br\/en\/wp-json\/wp\/v2\/users\/1"}],"replies":[{"embeddable":true,"href":"https:\/\/icaro.med.br\/en\/wp-json\/wp\/v2\/comments?post=21680"}],"version-history":[{"count":9,"href":"https:\/\/icaro.med.br\/en\/wp-json\/wp\/v2\/pages\/21680\/revisions"}],"predecessor-version":[{"id":25372,"href":"https:\/\/icaro.med.br\/en\/wp-json\/wp\/v2\/pages\/21680\/revisions\/25372"}],"wp:attachment":[{"href":"https:\/\/icaro.med.br\/en\/wp-json\/wp\/v2\/media?parent=21680"}],"curies":[{"name":"wp","href":"https:\/\/api.w.org\/{rel}","templated":true}]}}