{"id":21729,"date":"2024-03-04T19:52:36","date_gmt":"2024-03-04T22:52:36","guid":{"rendered":"https:\/\/icaro.med.br\/?page_id=21729"},"modified":"2024-03-04T19:52:36","modified_gmt":"2024-03-04T22:52:36","slug":"my-health-app","status":"publish","type":"page","link":"https:\/\/icaro.med.br\/en\/my-health-app\/","title":{"rendered":"My Health APP"},"content":{"rendered":"\t\t<div data-elementor-type=\"wp-page\" data-elementor-id=\"21729\" class=\"elementor elementor-21729\" data-elementor-post-type=\"page\">\n\t\t\t\t<div class=\"elementor-element elementor-element-311a7864 e-flex e-con-boxed e-con e-parent\" data-id=\"311a7864\" data-element_type=\"container\" data-e-type=\"container\" data-settings=\"{&quot;background_background&quot;:&quot;classic&quot;}\">\n\t\t\t\t\t<div class=\"e-con-inner\">\n\t\t<div class=\"elementor-element elementor-element-7258b277 e-con-full e-flex e-con e-child\" data-id=\"7258b277\" data-element_type=\"container\" data-e-type=\"container\">\n\t\t\t\t<div class=\"elementor-element elementor-element-1a68e68a elementor-widget elementor-widget-text-editor\" data-id=\"1a68e68a\" data-element_type=\"widget\" data-e-type=\"widget\" data-widget_type=\"text-editor.default\">\n\t\t\t\t<div class=\"elementor-widget-container\">\n\t\t\t\t\t\t\t\t\t<p>Meu app de sa\u00fade<\/p>\t\t\t\t\t\t\t\t<\/div>\n\t\t\t\t<\/div>\n\t\t\t\t<\/div>\n\t\t\t\t\t<\/div>\n\t\t\t\t<\/div>\n\t\t<div class=\"elementor-element elementor-element-74dfcb12 e-flex e-con-boxed e-con e-parent\" data-id=\"74dfcb12\" data-element_type=\"container\" data-e-type=\"container\">\n\t\t\t\t\t<div class=\"e-con-inner\">\n\t\t<div class=\"elementor-element elementor-element-772395f2 e-con-full e-flex e-con e-child\" data-id=\"772395f2\" data-element_type=\"container\" data-e-type=\"container\" data-settings=\"{&quot;background_background&quot;:&quot;classic&quot;}\">\n\t\t\t\t<div class=\"elementor-element elementor-element-21fa0be5 elementor-view-default elementor-position-block-start elementor-mobile-position-block-start elementor-widget elementor-widget-icon-box\" data-id=\"21fa0be5\" data-element_type=\"widget\" data-e-type=\"widget\" data-widget_type=\"icon-box.default\">\n\t\t\t\t<div class=\"elementor-widget-container\">\n\t\t\t\t\t\t\t<div class=\"elementor-icon-box-wrapper\">\n\n\t\t\t\t\t\t<div class=\"elementor-icon-box-icon\">\n\t\t\t\t<span  class=\"elementor-icon\">\n\t\t\t\t<svg aria-hidden=\"true\" class=\"e-font-icon-svg e-far-check-circle\" viewBox=\"0 0 512 512\" xmlns=\"http:\/\/www.w3.org\/2000\/svg\"><path d=\"M256 8C119.033 8 8 119.033 8 256s111.033 248 248 248 248-111.033 248-248S392.967 8 256 8zm0 48c110.532 0 200 89.451 200 200 0 110.532-89.451 200-200 200-110.532 0-200-89.451-200-200 0-110.532 89.451-200 200-200m140.204 130.267l-22.536-22.718c-4.667-4.705-12.265-4.736-16.97-.068L215.346 303.697l-59.792-60.277c-4.667-4.705-12.265-4.736-16.97-.069l-22.719 22.536c-4.705 4.667-4.736 12.265-.068 16.971l90.781 91.516c4.667 4.705 12.265 4.736 16.97.068l172.589-171.204c4.704-4.668 4.734-12.266.067-16.971z\"><\/path><\/svg>\t\t\t\t<\/span>\n\t\t\t<\/div>\n\t\t\t\n\t\t\t\t\t\t<div class=\"elementor-icon-box-content\">\n\n\t\t\t\t\t\t\t\t\t<h3 class=\"elementor-icon-box-title\">\n\t\t\t\t\t\t<span  >\n\t\t\t\t\t\t\tDISPONIVEL APENAS PARA ANDROID\t\t\t\t\t\t<\/span>\n\t\t\t\t\t<\/h3>\n\t\t\t\t\n\t\t\t\t\n\t\t\t<\/div>\n\t\t\t\n\t\t<\/div>\n\t\t\t\t\t\t<\/div>\n\t\t\t\t<\/div>\n\t\t<div class=\"elementor-element elementor-element-49a51fe6 e-con-full e-flex e-con e-child\" data-id=\"49a51fe6\" data-element_type=\"container\" data-e-type=\"container\">\n\t\t<div class=\"elementor-element elementor-element-168dd464 e-con-full e-flex e-con e-child\" data-id=\"168dd464\" data-element_type=\"container\" data-e-type=\"container\">\n\t\t\t\t<div class=\"elementor-element elementor-element-499a9f93 elementor-widget elementor-widget-image\" data-id=\"499a9f93\" data-element_type=\"widget\" data-e-type=\"widget\" data-widget_type=\"image.default\">\n\t\t\t\t<div class=\"elementor-widget-container\">\n\t\t\t\t\t\t\t\t\t\t\t\t\t\t\t<img fetchpriority=\"high\" decoding=\"async\" width=\"511\" height=\"896\" src=\"https:\/\/icaro.med.br\/wp-content\/uploads\/2024\/03\/\ud83d\udcf1-Iphone-X.png\" class=\"attachment-medium_large size-medium_large wp-image-21732\" alt=\"\" srcset=\"https:\/\/icaro.med.br\/wp-content\/uploads\/2024\/03\/\ud83d\udcf1-Iphone-X.png 511w, https:\/\/icaro.med.br\/wp-content\/uploads\/2024\/03\/\ud83d\udcf1-Iphone-X-171x300.png 171w\" sizes=\"(max-width: 511px) 100vw, 511px\" \/>\t\t\t\t\t\t\t\t\t\t\t\t\t\t\t<\/div>\n\t\t\t\t<\/div>\n\t\t\t\t<\/div>\n\t\t<div class=\"elementor-element elementor-element-1ec76493 e-con-full e-flex e-con e-child\" data-id=\"1ec76493\" data-element_type=\"container\" data-e-type=\"container\">\n\t\t\t\t<div class=\"elementor-element elementor-element-56b50801 elementor-widget elementor-widget-text-editor\" data-id=\"56b50801\" data-element_type=\"widget\" data-e-type=\"widget\" data-widget_type=\"text-editor.default\">\n\t\t\t\t<div class=\"elementor-widget-container\">\n\t\t\t\t\t\t\t\t\t<p>Gerenciador de sa\u00fade<\/p>\t\t\t\t\t\t\t\t<\/div>\n\t\t\t\t<\/div>\n\t\t\t\t<div class=\"elementor-element elementor-element-4323e157 elementor-widget elementor-widget-text-editor\" data-id=\"4323e157\" data-element_type=\"widget\" data-e-type=\"widget\" data-widget_type=\"text-editor.default\">\n\t\t\t\t<div class=\"elementor-widget-container\">\n\t\t\t\t\t\t\t\t\t<p>Essencial para quem quer recuperar e manter sa\u00fade!<\/p>\t\t\t\t\t\t\t\t<\/div>\n\t\t\t\t<\/div>\n\t\t\t\t<div class=\"elementor-element elementor-element-1cb39176 elementor-widget elementor-widget-text-editor\" data-id=\"1cb39176\" data-element_type=\"widget\" data-e-type=\"widget\" data-widget_type=\"text-editor.default\">\n\t\t\t\t<div class=\"elementor-widget-container\">\n\t\t\t\t\t\t\t\t\t<p>Dispon\u00edvel para download GRATUITO no Google Play Store para dispositivos Android. Voc\u00ea pode baix\u00e1-lo diretamente no seu celular ou tablet pesquisando por &#8220;icaro&#8221; na Google Play Store ou simplesmente clicando no link abaixo:<\/p>\t\t\t\t\t\t\t\t<\/div>\n\t\t\t\t<\/div>\n\t\t\t\t<div class=\"elementor-element elementor-element-5d0af7af elementor-widget elementor-widget-image\" data-id=\"5d0af7af\" data-element_type=\"widget\" data-e-type=\"widget\" data-widget_type=\"image.default\">\n\t\t\t\t<div class=\"elementor-widget-container\">\n\t\t\t\t\t\t\t\t\t\t\t\t\t\t\t\t<a href=\"https:\/\/play.google.com\/store\/apps\/details?id=br.com.verdesource.icaro&#038;hl=pt_BR&#038;gl=US\" target=\"_blank\" rel=\"noopener\">\n\t\t\t\t\t\t\t<img decoding=\"async\" width=\"300\" height=\"116\" src=\"https:\/\/icaro.med.br\/wp-content\/uploads\/2024\/03\/google-play-badge-300x116.png\" class=\"attachment-medium size-medium wp-image-21733\" alt=\"\" srcset=\"https:\/\/icaro.med.br\/wp-content\/uploads\/2024\/03\/google-play-badge-300x116.png 300w, https:\/\/icaro.med.br\/wp-content\/uploads\/2024\/03\/google-play-badge.png 646w\" sizes=\"(max-width: 300px) 100vw, 300px\" \/>\t\t\t\t\t\t\t\t<\/a>\n\t\t\t\t\t\t\t\t\t\t\t\t\t\t\t<\/div>\n\t\t\t\t<\/div>\n\t\t\t\t<div class=\"elementor-element elementor-element-48322f70 elementor-widget elementor-widget-text-editor\" data-id=\"48322f70\" data-element_type=\"widget\" data-e-type=\"widget\" data-widget_type=\"text-editor.default\">\n\t\t\t\t<div class=\"elementor-widget-container\">\n\t\t\t\t\t\t\t\t\t<p>Hist\u00f3ria<\/p>\t\t\t\t\t\t\t\t<\/div>\n\t\t\t\t<\/div>\n\t\t\t\t<div class=\"elementor-element elementor-element-37f5afe8 elementor-widget-divider--view-line elementor-widget elementor-widget-divider\" data-id=\"37f5afe8\" data-element_type=\"widget\" data-e-type=\"widget\" data-widget_type=\"divider.default\">\n\t\t\t\t<div class=\"elementor-widget-container\">\n\t\t\t\t\t\t\t<div class=\"elementor-divider\">\n\t\t\t<span class=\"elementor-divider-separator\">\n\t\t\t\t\t\t<\/span>\n\t\t<\/div>\n\t\t\t\t\t\t<\/div>\n\t\t\t\t<\/div>\n\t\t\t\t<div class=\"elementor-element elementor-element-e1e431e elementor-widget elementor-widget-text-editor\" data-id=\"e1e431e\" data-element_type=\"widget\" data-e-type=\"widget\" data-widget_type=\"text-editor.default\">\n\t\t\t\t<div class=\"elementor-widget-container\">\n\t\t\t\t\t\t\t\t\t<div class=\"w-full text-token-text-primary border-b border-black\/10 gizmo:border-0 dark:border-gray-900\/50 gizmo:dark:border-0 bg-gray-50 gizmo:bg-transparent dark:bg-[#444654] gizmo:dark:bg-transparent\" data-testid=\"conversation-turn-5\"><div class=\"p-4 gizmo:py-2 justify-center text-base md:gap-6 md:py-6 m-auto\"><div class=\"flex flex-1 gap-4 text-base mx-auto md:gap-6 gizmo:gap-3 gizmo:md:px-5 gizmo:lg:px-1 gizmo:xl:px-5 md:max-w-2xl lg:max-w-[38rem] gizmo:md:max-w-3xl gizmo:lg:max-w-[40rem] gizmo:xl:max-w-[48rem] xl:max-w-3xl } group final-completion\"><div class=\"relative flex w-[calc(100%-50px)] flex-col gizmo:w-full lg:w-[calc(100%-115px)] agent-turn\"><div class=\"flex-col gap-1 md:gap-3\"><div class=\"flex flex-grow flex-col max-w-full gap-3 gizmo:gap-0\"><div class=\"min-h-[20px] text-message flex flex-col items-start gap-3 whitespace-pre-wrap break-words [.text-message+&amp;]:mt-5 overflow-x-auto\" data-message-author-role=\"assistant\" data-message-id=\"7eb112f5-f2c9-4223-a1b8-9cf958b12ef2\"><div class=\"markdown prose w-full break-words dark:prose-invert dark\"><p>Voc\u00ea costuma esquecer de beber \u00e1gua ou de se alimentar adequadamente ao longo do dia? Tem dificuldades para respirar corretamente? Ou ent\u00e3o, esquece de tomar seus suplementos\/medicamentos nos hor\u00e1rios certos? Se voc\u00ea respondeu sim a alguma dessas perguntas, o aplicativo &#8220;Gerenciador Sa\u00fade &#8211; Dr. \u00cdcaro&#8221; \u00c9 IDEAL PARA VOC\u00ca!<\/p><p>Este aplicativo foi desenvolvido para ajud\u00e1-lo a lembrar-se dessas tarefas importantes e ainda oferecer dicas constantes e atualizadas sobre SA\u00daDE, por meio de posts, textos, \u00e1udios e v\u00eddeos. Tudo isso para auxili\u00e1-lo a planejar-se melhor e manter h\u00e1bitos de vida mais saud\u00e1veis, proporcionando assim uma vida mais longa, produtiva e repleta de bem-estar.<\/p><p>O app j\u00e1 foi baixado por milhares de usu\u00e1rios em todo o Brasil e recebeu destaque em ve\u00edculos de comunica\u00e7\u00e3o, sendo reconhecido como um dos aplicativos mais \u00fateis do pa\u00eds para ajud\u00e1-lo a cuidar melhor dos seus h\u00e1bitos de vida e da sua SA\u00daDE. Que tal indic\u00e1-lo para algu\u00e9m que tenha um dispositivo Android (tablet\/celular) e que ainda n\u00e3o cuide de si adequadamente e\/ou apresente algum sintoma ou doen\u00e7a?<\/p><p><strong>Um abra\u00e7o, Dr. \u00cdcaro Alves Alc\u00e2ntara<\/strong><\/p><\/div><\/div><\/div><\/div><\/div><\/div><\/div><\/div>\t\t\t\t\t\t\t\t<\/div>\n\t\t\t\t<\/div>\n\t\t\t\t<\/div>\n\t\t\t\t<\/div>\n\t\t\t\t<\/div>\n\t\t\t\t\t<\/div>\n\t\t\t\t<\/div>\n\t\t\t\t<\/div>\n\t\t","protected":false},"excerpt":{"rendered":"<p>Meu app de sa\u00fade DISPONIVEL APENAS PARA ANDROID Gerenciador de sa\u00fade Essencial para quem quer recuperar e manter sa\u00fade! Dispon\u00edvel para download GRATUITO no Google Play Store para dispositivos Android. Voc\u00ea pode baix\u00e1-lo diretamente no seu celular ou tablet pesquisando por &#8220;icaro&#8221; na Google Play Store ou simplesmente clicando no link abaixo: Hist\u00f3ria Voc\u00ea costuma [&hellip;]<\/p>\n","protected":false},"author":1,"featured_media":0,"parent":0,"menu_order":0,"comment_status":"closed","ping_status":"closed","template":"","meta":{"_acf_changed":false,"footnotes":""},"class_list":["post-21729","page","type-page","status-publish","hentry"],"acf":[],"_links":{"self":[{"href":"https:\/\/icaro.med.br\/en\/wp-json\/wp\/v2\/pages\/21729","targetHints":{"allow":["GET"]}}],"collection":[{"href":"https:\/\/icaro.med.br\/en\/wp-json\/wp\/v2\/pages"}],"about":[{"href":"https:\/\/icaro.med.br\/en\/wp-json\/wp\/v2\/types\/page"}],"author":[{"embeddable":true,"href":"https:\/\/icaro.med.br\/en\/wp-json\/wp\/v2\/users\/1"}],"replies":[{"embeddable":true,"href":"https:\/\/icaro.med.br\/en\/wp-json\/wp\/v2\/comments?post=21729"}],"version-history":[{"count":0,"href":"https:\/\/icaro.med.br\/en\/wp-json\/wp\/v2\/pages\/21729\/revisions"}],"wp:attachment":[{"href":"https:\/\/icaro.med.br\/en\/wp-json\/wp\/v2\/media?parent=21729"}],"curies":[{"name":"wp","href":"https:\/\/api.w.org\/{rel}","templated":true}]}}