{"id":21741,"date":"2024-03-04T21:07:06","date_gmt":"2024-03-05T00:07:06","guid":{"rendered":"https:\/\/icaro.med.br\/?page_id=21741"},"modified":"2024-09-19T02:39:23","modified_gmt":"2024-09-19T05:39:23","slug":"courses","status":"publish","type":"page","link":"https:\/\/icaro.med.br\/en\/courses\/","title":{"rendered":"My Courses"},"content":{"rendered":"<div data-elementor-type=\"wp-page\" data-elementor-id=\"21741\" class=\"elementor elementor-21741\" data-elementor-post-type=\"page\">\n\t\t\t\t<div class=\"elementor-element elementor-element-8590a07 e-flex e-con-boxed e-con e-parent\" data-id=\"8590a07\" data-element_type=\"container\" data-e-type=\"container\" data-settings=\"{&quot;background_background&quot;:&quot;gradient&quot;}\">\n\t\t\t\t\t<div class=\"e-con-inner\">\n\t\t<div class=\"elementor-element elementor-element-93d4f5a e-con-full e-flex e-con e-child\" data-id=\"93d4f5a\" data-element_type=\"container\" data-e-type=\"container\">\n\t\t\t\t<div class=\"elementor-element elementor-element-fc8c3ba elementor-widget elementor-widget-heading\" data-id=\"fc8c3ba\" data-element_type=\"widget\" data-e-type=\"widget\" data-widget_type=\"heading.default\">\n\t\t\t\t<div class=\"elementor-widget-container\">\n\t\t\t\t\t<h2 class=\"elementor-heading-title elementor-size-default\">MY COURSES<\/h2>\t\t\t\t<\/div>\n\t\t\t\t<\/div>\n\t\t\t\t<\/div>\n\t\t<div class=\"elementor-element elementor-element-1519664 e-con-full e-flex e-con e-child\" data-id=\"1519664\" data-element_type=\"container\" data-e-type=\"container\">\n\t\t\t\t<div class=\"elementor-element elementor-element-33427c0 elementor-widget elementor-widget-image\" data-id=\"33427c0\" data-element_type=\"widget\" data-e-type=\"widget\" data-widget_type=\"image.default\">\n\t\t\t\t<div class=\"elementor-widget-container\">\n\t\t\t\t\t\t\t\t\t\t\t\t\t\t\t<img fetchpriority=\"high\" decoding=\"async\" width=\"630\" height=\"800\" src=\"https:\/\/icaro.med.br\/wp-content\/uploads\/2024\/08\/MG_8452-Photoroom-1.png\" class=\"attachment-large size-large wp-image-22794\" alt=\"\" srcset=\"https:\/\/icaro.med.br\/wp-content\/uploads\/2024\/08\/MG_8452-Photoroom-1.png 630w, https:\/\/icaro.med.br\/wp-content\/uploads\/2024\/08\/MG_8452-Photoroom-1-236x300.png 236w\" sizes=\"(max-width: 630px) 100vw, 630px\" \/>\t\t\t\t\t\t\t\t\t\t\t\t\t\t\t<\/div>\n\t\t\t\t<\/div>\n\t\t\t\t<\/div>\n\t\t\t\t\t<\/div>\n\t\t\t\t<\/div>\n\t\t<div class=\"elementor-element elementor-element-c00ae7c e-flex e-con-boxed e-con e-parent\" data-id=\"c00ae7c\" data-element_type=\"container\" data-e-type=\"container\">\n\t\t\t\t\t<div class=\"e-con-inner\">\n\t\t<div class=\"elementor-element elementor-element-b715022 e-con-full e-flex e-con e-child\" data-id=\"b715022\" data-element_type=\"container\" data-e-type=\"container\" data-settings=\"{&quot;background_background&quot;:&quot;classic&quot;}\">\n\t\t<div class=\"elementor-element elementor-element-88829e7 e-con-full e-flex e-con e-child\" data-id=\"88829e7\" data-element_type=\"container\" data-e-type=\"container\" data-settings=\"{&quot;background_background&quot;:&quot;classic&quot;}\">\n\t\t\t\t<div class=\"elementor-element elementor-element-257a5fc elementor-widget elementor-widget-image\" data-id=\"257a5fc\" data-element_type=\"widget\" data-e-type=\"widget\" data-widget_type=\"image.default\">\n\t\t\t\t<div class=\"elementor-widget-container\">\n\t\t\t\t\t\t\t\t\t\t\t\t\t\t\t<img decoding=\"async\" width=\"800\" height=\"451\" src=\"https:\/\/icaro.med.br\/wp-content\/uploads\/2024\/03\/WhatsApp-Image-2024-03-12-at-13.54.59-1024x577.jpeg\" class=\"attachment-large size-large wp-image-22266\" alt=\"\" srcset=\"https:\/\/icaro.med.br\/wp-content\/uploads\/2024\/03\/WhatsApp-Image-2024-03-12-at-13.54.59-1024x577.jpeg 1024w, https:\/\/icaro.med.br\/wp-content\/uploads\/2024\/03\/WhatsApp-Image-2024-03-12-at-13.54.59-300x169.jpeg 300w, https:\/\/icaro.med.br\/wp-content\/uploads\/2024\/03\/WhatsApp-Image-2024-03-12-at-13.54.59-768x433.jpeg 768w, https:\/\/icaro.med.br\/wp-content\/uploads\/2024\/03\/WhatsApp-Image-2024-03-12-at-13.54.59.jpeg 1280w\" sizes=\"(max-width: 800px) 100vw, 800px\" \/>\t\t\t\t\t\t\t\t\t\t\t\t\t\t\t<\/div>\n\t\t\t\t<\/div>\n\t\t\t\t<\/div>\n\t\t<div class=\"elementor-element elementor-element-2adf73b e-con-full e-flex e-con e-child\" data-id=\"2adf73b\" data-element_type=\"container\" data-e-type=\"container\">\n\t\t<div class=\"elementor-element elementor-element-a1d4dec e-con-full e-flex e-con e-child\" data-id=\"a1d4dec\" data-element_type=\"container\" data-e-type=\"container\">\n\t\t\t\t<div class=\"elementor-element elementor-element-15c523e elementor-widget elementor-widget-image\" data-id=\"15c523e\" data-element_type=\"widget\" data-e-type=\"widget\" data-widget_type=\"image.default\">\n\t\t\t\t<div class=\"elementor-widget-container\">\n\t\t\t\t\t\t\t\t\t\t\t\t\t\t\t<img decoding=\"async\" width=\"536\" height=\"371\" src=\"https:\/\/icaro.med.br\/wp-content\/uploads\/2022\/07\/banner-mini-curso.png\" class=\"attachment-large size-large wp-image-10826\" alt=\"\" srcset=\"https:\/\/icaro.med.br\/wp-content\/uploads\/2022\/07\/banner-mini-curso.png 536w, https:\/\/icaro.med.br\/wp-content\/uploads\/2022\/07\/banner-mini-curso-300x208.png 300w\" sizes=\"(max-width: 536px) 100vw, 536px\" \/>\t\t\t\t\t\t\t\t\t\t\t\t\t\t\t<\/div>\n\t\t\t\t<\/div>\n\t\t\t\t<\/div>\n\t\t<div class=\"elementor-element elementor-element-9bf9f32 e-con-full e-flex e-con e-child\" data-id=\"9bf9f32\" data-element_type=\"container\" data-e-type=\"container\">\n\t\t\t\t<div class=\"elementor-element elementor-element-9ffa8a4 elementor-widget elementor-widget-heading\" data-id=\"9ffa8a4\" data-element_type=\"widget\" data-e-type=\"widget\" data-widget_type=\"heading.default\">\n\t\t\t\t<div class=\"elementor-widget-container\">\n\t\t\t\t\t<h2 class=\"elementor-heading-title elementor-size-default\">MINI-COURSE HEALTH 2.0<\/h2>\t\t\t\t<\/div>\n\t\t\t\t<\/div>\n\t\t\t\t<div class=\"elementor-element elementor-element-27ad984 elementor-widget elementor-widget-heading\" data-id=\"27ad984\" data-element_type=\"widget\" data-e-type=\"widget\" data-widget_type=\"heading.default\">\n\t\t\t\t<div class=\"elementor-widget-container\">\n\t\t\t\t\t<h2 class=\"elementor-heading-title elementor-size-default\">It's time to optimize your health!<\/h2>\t\t\t\t<\/div>\n\t\t\t\t<\/div>\n\t\t\t\t<div class=\"elementor-element elementor-element-e807e0a elementor-widget elementor-widget-text-editor\" data-id=\"e807e0a\" data-element_type=\"widget\" data-e-type=\"widget\" data-widget_type=\"text-editor.default\">\n\t\t\t\t<div class=\"elementor-widget-container\">\n\t\t\t\t\t\t\t\t\t<p>All the knowledge you will acquire in this mini-course is useful and can be applied in practice with proven success in healthcare, in tens of thousands of patients. But, of course, the use, interpretation and consequences of applying all the information contained in this course should only be done after competent evaluation and monitoring by health professionals who are trained, up-to-date and familiar with the content covered.<\/p>\t\t\t\t\t\t\t\t<\/div>\n\t\t\t\t<\/div>\n\t\t\t\t<div class=\"elementor-element elementor-element-987aaca elementor-tablet-align-center elementor-widget elementor-widget-button\" data-id=\"987aaca\" data-element_type=\"widget\" data-e-type=\"widget\" data-widget_type=\"button.default\">\n\t\t\t\t<div class=\"elementor-widget-container\">\n\t\t\t\t\t\t\t\t\t<div class=\"elementor-button-wrapper\">\n\t\t\t\t\t<a class=\"elementor-button elementor-button-link elementor-size-md\" href=\"https:\/\/icaro.med.br\/minicurso\/\">\n\t\t\t\t\t\t<span class=\"elementor-button-content-wrapper\">\n\t\t\t\t\t\t\t\t\t<span class=\"elementor-button-text\">LEARN MORE<\/span>\n\t\t\t\t\t<\/span>\n\t\t\t\t\t<\/a>\n\t\t\t\t<\/div>\n\t\t\t\t\t\t\t\t<\/div>\n\t\t\t\t<\/div>\n\t\t\t\t<\/div>\n\t\t\t\t<\/div>\n\t\t\t\t<\/div>\n\t\t\t\t\t<\/div>\n\t\t\t\t<\/div>\n\t\t\t\t<\/div>","protected":false},"excerpt":{"rendered":"<p>MEUS CURSOS MINICURSO SA\u00daDE 2.0 Chegou a hora de otimizar sua sa\u00fade! Todo o conhecimento que voc\u00ea adquirir\u00e1 neste minicurso \u00e9 \u00fatil e de aplica\u00e7\u00e3o pr\u00e1tica com sucesso comprovado em sa\u00fade, em dezenas de milhares de pacientes. Mas, \u00e9 claro, que o uso, a interpreta\u00e7\u00e3o e as consequ\u00eancias da aplica\u00e7\u00e3o de toda informa\u00e7\u00e3o contida neste [&hellip;]<\/p>\n","protected":false},"author":1,"featured_media":0,"parent":0,"menu_order":0,"comment_status":"closed","ping_status":"closed","template":"","meta":{"_acf_changed":false,"footnotes":""},"class_list":["post-21741","page","type-page","status-publish","hentry"],"acf":[],"_links":{"self":[{"href":"https:\/\/icaro.med.br\/en\/wp-json\/wp\/v2\/pages\/21741","targetHints":{"allow":["GET"]}}],"collection":[{"href":"https:\/\/icaro.med.br\/en\/wp-json\/wp\/v2\/pages"}],"about":[{"href":"https:\/\/icaro.med.br\/en\/wp-json\/wp\/v2\/types\/page"}],"author":[{"embeddable":true,"href":"https:\/\/icaro.med.br\/en\/wp-json\/wp\/v2\/users\/1"}],"replies":[{"embeddable":true,"href":"https:\/\/icaro.med.br\/en\/wp-json\/wp\/v2\/comments?post=21741"}],"version-history":[{"count":9,"href":"https:\/\/icaro.med.br\/en\/wp-json\/wp\/v2\/pages\/21741\/revisions"}],"predecessor-version":[{"id":22909,"href":"https:\/\/icaro.med.br\/en\/wp-json\/wp\/v2\/pages\/21741\/revisions\/22909"}],"wp:attachment":[{"href":"https:\/\/icaro.med.br\/en\/wp-json\/wp\/v2\/media?parent=21741"}],"curies":[{"name":"wp","href":"https:\/\/api.w.org\/{rel}","templated":true}]}}