{"id":21760,"date":"2024-03-04T22:35:21","date_gmt":"2024-03-05T01:35:21","guid":{"rendered":"https:\/\/icaro.med.br\/?page_id=21760"},"modified":"2024-03-04T22:35:21","modified_gmt":"2024-03-05T01:35:21","slug":"mini-course","status":"publish","type":"page","link":"https:\/\/icaro.med.br\/en\/mini-course\/","title":{"rendered":"Mini Course"},"content":{"rendered":"<div data-elementor-type=\"wp-page\" data-elementor-id=\"21760\" class=\"elementor elementor-21760\" data-elementor-post-type=\"page\">\n\t\t\t\t<div class=\"elementor-element elementor-element-51a43b8 e-flex e-con-boxed e-con e-parent\" data-id=\"51a43b8\" data-element_type=\"container\" data-e-type=\"container\" data-settings=\"{&quot;background_background&quot;:&quot;gradient&quot;,&quot;shape_divider_bottom&quot;:&quot;waves&quot;}\">\n\t\t\t\t\t<div class=\"e-con-inner\">\n\t\t\t\t<div class=\"elementor-shape elementor-shape-bottom\" aria-hidden=\"true\" data-negative=\"false\">\n\t\t\t<svg xmlns=\"http:\/\/www.w3.org\/2000\/svg\" viewbox=\"0 0 1000 100\" preserveaspectratio=\"none\">\n\t<path class=\"elementor-shape-fill\" d=\"M421.9,6.5c22.6-2.5,51.5,0.4,75.5,5.3c23.6,4.9,70.9,23.5,100.5,35.7c75.8,32.2,133.7,44.5,192.6,49.7\tc23.6,2.1,48.7,3.5,103.4-2.5c54.7-6,106.2-25.6,106.2-25.6V0H0v30.3c0,0,72,32.6,158.4,30.5c39.2-0.7,92.8-6.7,134-22.4\tc21.2-8.1,52.2-18.2,79.7-24.2C399.3,7.9,411.6,7.5,421.9,6.5z\"\/>\n<\/svg>\t\t<\/div>\n\t\t<div class=\"elementor-element elementor-element-5785849 e-con-full e-flex e-con e-child\" data-id=\"5785849\" data-element_type=\"container\" data-e-type=\"container\">\n\t\t\t\t<div class=\"elementor-element elementor-element-2cfccb1 elementor-widget elementor-widget-heading\" data-id=\"2cfccb1\" data-element_type=\"widget\" data-e-type=\"widget\" data-widget_type=\"heading.default\">\n\t\t\t\t<div class=\"elementor-widget-container\">\n\t\t\t\t\t<h2 class=\"elementor-heading-title elementor-size-default\">MINICURSE<\/h2>\t\t\t\t<\/div>\n\t\t\t\t<\/div>\n\t\t\t\t<div class=\"elementor-element elementor-element-65cbdf7 elementor-widget elementor-widget-heading\" data-id=\"65cbdf7\" data-element_type=\"widget\" data-e-type=\"widget\" data-widget_type=\"heading.default\">\n\t\t\t\t<div class=\"elementor-widget-container\">\n\t\t\t\t\t<h2 class=\"elementor-heading-title elementor-size-default\">HEALTH 2.0<\/h2>\t\t\t\t<\/div>\n\t\t\t\t<\/div>\n\t\t\t\t<div class=\"elementor-element elementor-element-0b7c0cb elementor-widget elementor-widget-heading\" data-id=\"0b7c0cb\" data-element_type=\"widget\" data-e-type=\"widget\" data-widget_type=\"heading.default\">\n\t\t\t\t<div class=\"elementor-widget-container\">\n\t\t\t\t\t<h2 class=\"elementor-heading-title elementor-size-default\">It's time to optimize your health<\/h2>\t\t\t\t<\/div>\n\t\t\t\t<\/div>\n\t\t\t\t<\/div>\n\t\t<div class=\"elementor-element elementor-element-0e177fe e-con-full e-flex e-con e-child\" data-id=\"0e177fe\" data-element_type=\"container\" data-e-type=\"container\">\n\t\t\t\t<div class=\"elementor-element elementor-element-34e7e0e elementor-widget elementor-widget-image\" data-id=\"34e7e0e\" data-element_type=\"widget\" data-e-type=\"widget\" data-widget_type=\"image.default\">\n\t\t\t\t<div class=\"elementor-widget-container\">\n\t\t\t\t\t\t\t\t\t\t\t\t\t\t\t<img fetchpriority=\"high\" decoding=\"async\" width=\"239\" height=\"328\" src=\"https:\/\/icaro.med.br\/wp-content\/uploads\/2022\/04\/Design-sem-nome-1-1.png\" class=\"attachment-large size-large wp-image-157\" alt=\"\" srcset=\"https:\/\/icaro.med.br\/wp-content\/uploads\/2022\/04\/Design-sem-nome-1-1.png 239w, https:\/\/icaro.med.br\/wp-content\/uploads\/2022\/04\/Design-sem-nome-1-1-219x300.png 219w\" sizes=\"(max-width: 239px) 100vw, 239px\" \/>\t\t\t\t\t\t\t\t\t\t\t\t\t\t\t<\/div>\n\t\t\t\t<\/div>\n\t\t\t\t<\/div>\n\t\t\t\t\t<\/div>\n\t\t\t\t<\/div>\n\t\t<div class=\"elementor-element elementor-element-a06a801 e-flex e-con-boxed e-con e-parent\" data-id=\"a06a801\" data-element_type=\"container\" data-e-type=\"container\">\n\t\t\t\t\t<div class=\"e-con-inner\">\n\t\t\t\t<div class=\"elementor-element elementor-element-c73c6cc elementor-widget elementor-widget-heading\" data-id=\"c73c6cc\" data-element_type=\"widget\" data-e-type=\"widget\" data-widget_type=\"heading.default\">\n\t\t\t\t<div class=\"elementor-widget-container\">\n\t\t\t\t\t<h2 class=\"elementor-heading-title elementor-size-default\">WHO WANTS TO HAVE A LIFE <br> LONG AND HEALTHY UNTIL THE END?<\/h2>\t\t\t\t<\/div>\n\t\t\t\t<\/div>\n\t\t\t\t<div class=\"elementor-element elementor-element-92cf516 elementor-widget elementor-widget-text-editor\" data-id=\"92cf516\" data-element_type=\"widget\" data-e-type=\"widget\" data-widget_type=\"text-editor.default\">\n\t\t\t\t<div class=\"elementor-widget-container\">\n\t\t\t\t\t\t\t\t\t<p>All the knowledge you will acquire in this mini-course is useful and can be applied in practice with proven success in healthcare, benefiting tens of thousands of patients. However, it is essential that the use, interpretation and consequences of the application of all the information contained in this book should only be carried out after evaluation and with the accompaniment of health professionals who are trained, up-to-date and familiar with the content covered.<\/p>\t\t\t\t\t\t\t\t<\/div>\n\t\t\t\t<\/div>\n\t\t\t\t\t<\/div>\n\t\t\t\t<\/div>\n\t\t<div class=\"elementor-element elementor-element-4d86b88 e-flex e-con-boxed e-con e-parent\" data-id=\"4d86b88\" data-element_type=\"container\" data-e-type=\"container\">\n\t\t\t\t\t<div class=\"e-con-inner\">\n\t\t\t\t<div class=\"elementor-element elementor-element-8daec50 elementor-widget elementor-widget-jet-blog-video-playlist\" data-id=\"8daec50\" data-element_type=\"widget\" data-e-type=\"widget\" data-widget_type=\"jet-blog-video-playlist.default\">\n\t\t\t\t<div class=\"elementor-widget-container\">\n\t\t\t\t\t<div class=\"elementor-jet-blog-video-playlist jet-blog\"><div class=\"jet-blog-playlist jet-tumbs-vertical jet-tumbs-v-pos-right jet-tumbs-h-pos- jet-scroll-regular\"  data-hide-index='&quot;&quot;' data-hide-duration='&quot;&quot;' data-hide-image='&quot;&quot;'>\n\t<div class=\"jet-blog-playlist__canvas\"><div class=\"jet-blog-playlist__canvas-overlay\"><\/div><\/div>\n\t<div class=\"jet-blog-playlist__items\">\n\t\t<div class=\"jet-blog-playlist__heading\">\n\t<span class=\"jet-blog-playlist__heading-icon jet-blog-icon\"><svg aria-hidden=\"true\" class=\"e-font-icon-svg e-fas-play\" viewbox=\"0 0 448 512\" xmlns=\"http:\/\/www.w3.org\/2000\/svg\"><path d=\"M424.4 214.7L72.4 6.6C43.8-10.3 0 6.1 0 47.9V464c0 37.5 40.7 60.1 72.4 41.3l352-208c31.4-18.5 31.5-64.1 0-82.6z\"><\/path><\/svg><\/span>\t<div class=\"jet-blog-playlist__heading-content\">\n\t\t<div class=\"jet-blog-playlist__heading-title\">Video Playlist<\/div>\t\t<div class=\"jet-blog-playlist__counter\"><span class=\"jet-blog-playlist__counter-val\">1<\/span>\/0 <span class=\"jet-blog-playlist__counter-suffix\">videos<\/span><\/div>\t<\/div>\n<\/div>\n\t\t<div class=\"jet-blog-playlist__items-list\">\n\t\t\t<div class=\"jet-blog-playlist__items-list-content\"><\/div>\n\t\t<\/div>\n\t<\/div>\n<\/div><\/div>\t\t\t\t<\/div>\n\t\t\t\t<\/div>\n\t\t\t\t\t<\/div>\n\t\t\t\t<\/div>\n\t\t\t\t<\/div>","protected":false},"excerpt":{"rendered":"<p>MINICURSO SA\u00daDE 2.0 Chegou a hora de voc\u00ea otimizar sua sa\u00fade QUEM DESEJA TER UMA VIDA LONGA E COM SA\u00daDE AT\u00c9 O FINAL? Todo o conhecimento que voc\u00ea vai adquirir neste minicurso \u00e9 \u00fatil e de aplica\u00e7\u00e3o pr\u00e1tica com sucesso comprovado em sa\u00fade, beneficiando dezenas de milhares de pacientes. No entanto, \u00e9 fundamental que o [&hellip;]<\/p>\n","protected":false},"author":1,"featured_media":0,"parent":0,"menu_order":0,"comment_status":"closed","ping_status":"closed","template":"","meta":{"_acf_changed":false,"footnotes":""},"class_list":["post-21760","page","type-page","status-publish","hentry"],"acf":[],"_links":{"self":[{"href":"https:\/\/icaro.med.br\/en\/wp-json\/wp\/v2\/pages\/21760","targetHints":{"allow":["GET"]}}],"collection":[{"href":"https:\/\/icaro.med.br\/en\/wp-json\/wp\/v2\/pages"}],"about":[{"href":"https:\/\/icaro.med.br\/en\/wp-json\/wp\/v2\/types\/page"}],"author":[{"embeddable":true,"href":"https:\/\/icaro.med.br\/en\/wp-json\/wp\/v2\/users\/1"}],"replies":[{"embeddable":true,"href":"https:\/\/icaro.med.br\/en\/wp-json\/wp\/v2\/comments?post=21760"}],"version-history":[{"count":0,"href":"https:\/\/icaro.med.br\/en\/wp-json\/wp\/v2\/pages\/21760\/revisions"}],"wp:attachment":[{"href":"https:\/\/icaro.med.br\/en\/wp-json\/wp\/v2\/media?parent=21760"}],"curies":[{"name":"wp","href":"https:\/\/api.w.org\/{rel}","templated":true}]}}