{"id":23091,"date":"2024-10-11T12:46:30","date_gmt":"2024-10-11T15:46:30","guid":{"rendered":"https:\/\/icaro.med.br\/?page_id=23091"},"modified":"2025-06-02T11:08:56","modified_gmt":"2025-06-02T14:08:56","slug":"privacyapp","status":"publish","type":"page","link":"https:\/\/icaro.med.br\/en\/privacyapp\/","title":{"rendered":"Terms of Use and Privacy Policy - APP"},"content":{"rendered":"<p><strong>Last updated:<\/strong> June 2, 2025<\/p>\n\n\n\n<h3 class=\"wp-block-heading\"><strong>1. introduction<\/strong><\/h3>\n\n\n\n<p>The app <strong>Health Manager - Dr. \u00cdcaro Alves<\/strong> was developed to help users manage health-related information in a practical and secure way. We value the privacy of our users and are committed to protecting any personal data that may be collected.<\/p>\n\n\n\n<h3 class=\"wp-block-heading\"><strong>2. Data Collection and Storage<\/strong><\/h3>\n\n\n\n<p>This application <strong>does not collect, store or share<\/strong> any of the user's personal data. All information entered into the application remains exclusively on the user's device and is not transmitted to external servers or third parties.<\/p>\n\n\n\n<h3 class=\"wp-block-heading\"><strong>3. Device permissions<\/strong><\/h3>\n\n\n\n<p>The app may request device-specific permissions, such as access to internal storage, solely to allow the user to save and access their own health information. These permissions are only used for the proper functioning of the app and do not result in the collection or transmission of personal data.<\/p>\n\n\n\n<h3 class=\"wp-block-heading\"><strong>4. Data Sharing<\/strong><\/h3>\n\n\n\n<p>We do not share, sell or disclose any user information to third parties. As we do not collect personal data, there is no transmission of information outside the device.<\/p>\n\n\n\n<h3 class=\"wp-block-heading\"><strong>5. Security<\/strong><\/h3>\n\n\n\n<p>We have implemented appropriate security measures to protect the information stored locally on the user's device. However, it is the user's responsibility to keep their device secure and protect their information from unauthorized access.<\/p>\n\n\n\n<h3 class=\"wp-block-heading\"><strong>6. User rights<\/strong><\/h3>\n\n\n\n<p>In accordance with the LGPD, users have the right to access, correct and delete their personal data. As we do not collect or store personal data, all information remains under the sole control of the user on the device itself.<\/p>\n\n\n\n<h3 class=\"wp-block-heading\"><strong>7. Compliance with Google Play<\/strong><\/h3>\n\n\n\n<p>In accordance with Google Play policies, this Privacy Policy is available both in the app's listing in the store and within the app itself. In addition, the Data Security Form has been duly completed, indicating that the app does not collect or share user data.<\/p>\n\n\n\n<h3 class=\"wp-block-heading\"><strong>8. Changes to this Privacy Policy<\/strong><\/h3>\n\n\n\n<p>We reserve the right to update this Privacy Policy as necessary. We recommend that users periodically review this policy to stay informed about how we protect your information.<\/p>\n\n\n\n<h3 class=\"wp-block-heading\"><strong>9. Contact<\/strong><\/h3>\n\n\n\n<p>If you have any questions or concerns about this Privacy Policy, please contact us at privacidade@icaro.med.br.<\/p>","protected":false},"excerpt":{"rendered":"<p>\u00daltima atualiza\u00e7\u00e3o: 2 de junho de 2025 1. Introdu\u00e7\u00e3o O aplicativo Gerenciador de Sa\u00fade &#8211; Dr. \u00cdcaro Alves foi desenvolvido para auxiliar os usu\u00e1rios no gerenciamento de informa\u00e7\u00f5es relacionadas \u00e0 sa\u00fade de forma pr\u00e1tica e segura. Valorizamos a privacidade dos nossos usu\u00e1rios e estamos comprometidos em proteger quaisquer dados pessoais que possam ser coletados. 2. [&hellip;]<\/p>\n","protected":false},"author":1,"featured_media":0,"parent":0,"menu_order":0,"comment_status":"closed","ping_status":"closed","template":"","meta":{"_acf_changed":false,"footnotes":""},"class_list":["post-23091","page","type-page","status-publish","hentry"],"acf":[],"_links":{"self":[{"href":"https:\/\/icaro.med.br\/en\/wp-json\/wp\/v2\/pages\/23091","targetHints":{"allow":["GET"]}}],"collection":[{"href":"https:\/\/icaro.med.br\/en\/wp-json\/wp\/v2\/pages"}],"about":[{"href":"https:\/\/icaro.med.br\/en\/wp-json\/wp\/v2\/types\/page"}],"author":[{"embeddable":true,"href":"https:\/\/icaro.med.br\/en\/wp-json\/wp\/v2\/users\/1"}],"replies":[{"embeddable":true,"href":"https:\/\/icaro.med.br\/en\/wp-json\/wp\/v2\/comments?post=23091"}],"version-history":[{"count":4,"href":"https:\/\/icaro.med.br\/en\/wp-json\/wp\/v2\/pages\/23091\/revisions"}],"predecessor-version":[{"id":24486,"href":"https:\/\/icaro.med.br\/en\/wp-json\/wp\/v2\/pages\/23091\/revisions\/24486"}],"wp:attachment":[{"href":"https:\/\/icaro.med.br\/en\/wp-json\/wp\/v2\/media?parent=23091"}],"curies":[{"name":"wp","href":"https:\/\/api.w.org\/{rel}","templated":true}]}}